{"id":578,"date":"2021-03-27T13:33:59","date_gmt":"2021-03-27T13:33:59","guid":{"rendered":"https:\/\/www.getitbabe.com\/?post_type=product&#038;p=578"},"modified":"2025-11-21T08:58:18","modified_gmt":"2025-11-21T08:58:18","slug":"sandy-sky-blue","status":"publish","type":"product","link":"https:\/\/www.getitbabe.com\/cs\/produkt\/sandy-sky-blue\/","title":{"rendered":"Sandy Nebesky modr\u00e9"},"content":{"rendered":"<p>Dostupn\u00e9 v \u010dern\u00e9, kor\u00e1lov\u00e9, nebesky modr\u00e9, r\u016f\u017eov\u00e9 a tyrkysov\u00e9 barv\u011b<br \/>\nHorn\u00ed d\u00edl plavek<br \/>\nTroj\u00faheln\u00ed\u010dkov\u00fd vrchn\u00ed d\u00edl s extra dlouh\u00fdmi zavazovac\u00edmi \u0161\u0148\u016frkami<br \/>\nPod\u0161it\u00e9 m\u00edrn\u011b vyztu\u017een\u00e9 troj\u00faheln\u00ed\u010dkov\u00e9 ko\u0161\u00ed\u010dky<br \/>\nMateri\u00e1l: 80% Polyamid, 20% Elastan<br \/>\nVysoce elastick\u00fd, rychleschnouc\u00ed materi\u00e1l<br \/>\nVyrobeno v EU<\/p>","protected":false},"excerpt":{"rendered":"<p>Available In Black, Coral, Sky blue, Pink and Turquoise One Piece Bikini Triangle Bikini Top with long ties Removable basic bra padding Self: 80% Polyamid, 20% Elastan High Stretch fabric Made in EU<\/p>","protected":false},"featured_media":582,"comment_status":"open","ping_status":"closed","template":"","meta":{"advanced_seo_description":"","spay_email":""},"product_cat":[52,50,55],"product_tag":[],"_links":{"self":[{"href":"https:\/\/www.getitbabe.com\/cs\/wp-json\/wp\/v2\/product\/578"}],"collection":[{"href":"https:\/\/www.getitbabe.com\/cs\/wp-json\/wp\/v2\/product"}],"about":[{"href":"https:\/\/www.getitbabe.com\/cs\/wp-json\/wp\/v2\/types\/product"}],"replies":[{"embeddable":true,"href":"https:\/\/www.getitbabe.com\/cs\/wp-json\/wp\/v2\/comments?post=578"}],"wp:featuredmedia":[{"embeddable":true,"href":"https:\/\/www.getitbabe.com\/cs\/wp-json\/wp\/v2\/media\/582"}],"wp:attachment":[{"href":"https:\/\/www.getitbabe.com\/cs\/wp-json\/wp\/v2\/media?parent=578"}],"wp:term":[{"taxonomy":"product_cat","embeddable":true,"href":"https:\/\/www.getitbabe.com\/cs\/wp-json\/wp\/v2\/product_cat?post=578"},{"taxonomy":"product_tag","embeddable":true,"href":"https:\/\/www.getitbabe.com\/cs\/wp-json\/wp\/v2\/product_tag?post=578"}],"curies":[{"name":"wp","href":"https:\/\/api.w.org\/{rel}","templated":true}]}}