{"id":554,"date":"2021-03-27T13:11:21","date_gmt":"2021-03-27T13:11:21","guid":{"rendered":"https:\/\/www.getitbabe.com\/?post_type=product&#038;p=554"},"modified":"2021-09-25T13:34:23","modified_gmt":"2021-09-25T13:34:23","slug":"rose-pink","status":"publish","type":"product","link":"https:\/\/www.getitbabe.com\/cs\/produkt\/rose-pink\/","title":{"rendered":"Rose Bandeau R\u016f\u017eov\u00fd"},"content":{"rendered":"<p>Available In Pink<br \/>\nVrchn\u00ed d\u00edl<br \/>\nTube Bandeau Top with ties<br \/>\nPod\u0161it\u00e9 m\u00edrn\u011b vyztu\u017een\u00e9 troj\u00faheln\u00ed\u010dkov\u00e9 ko\u0161\u00ed\u010dky<br \/>\nMateri\u00e1l: 80% Polyamid, 20% Elastan<br \/>\nVysoce elastick\u00fd, rychleschnouc\u00ed materi\u00e1l<br \/>\nVyrobeno v EU<\/p>","protected":false},"excerpt":{"rendered":"<p>Available In Pink One Piece Tube Bandeau Top with ties Removable basic bra padding Self: 80% Polyamid, 20% Elastan High Stretch fabric Made in EU<\/p>","protected":false},"featured_media":559,"comment_status":"open","ping_status":"closed","template":"","meta":{"advanced_seo_description":"","spay_email":""},"product_cat":[56,52,50],"product_tag":[],"_links":{"self":[{"href":"https:\/\/www.getitbabe.com\/cs\/wp-json\/wp\/v2\/product\/554"}],"collection":[{"href":"https:\/\/www.getitbabe.com\/cs\/wp-json\/wp\/v2\/product"}],"about":[{"href":"https:\/\/www.getitbabe.com\/cs\/wp-json\/wp\/v2\/types\/product"}],"replies":[{"embeddable":true,"href":"https:\/\/www.getitbabe.com\/cs\/wp-json\/wp\/v2\/comments?post=554"}],"wp:featuredmedia":[{"embeddable":true,"href":"https:\/\/www.getitbabe.com\/cs\/wp-json\/wp\/v2\/media\/559"}],"wp:attachment":[{"href":"https:\/\/www.getitbabe.com\/cs\/wp-json\/wp\/v2\/media?parent=554"}],"wp:term":[{"taxonomy":"product_cat","embeddable":true,"href":"https:\/\/www.getitbabe.com\/cs\/wp-json\/wp\/v2\/product_cat?post=554"},{"taxonomy":"product_tag","embeddable":true,"href":"https:\/\/www.getitbabe.com\/cs\/wp-json\/wp\/v2\/product_tag?post=554"}],"curies":[{"name":"wp","href":"https:\/\/api.w.org\/{rel}","templated":true}]}}