{"id":533,"date":"2021-03-27T12:50:11","date_gmt":"2021-03-27T12:50:11","guid":{"rendered":"https:\/\/www.getitbabe.com\/?post_type=product&#038;p=533"},"modified":"2025-07-23T18:06:18","modified_gmt":"2025-07-23T18:06:18","slug":"mercy-pink","status":"publish","type":"product","link":"https:\/\/www.getitbabe.com\/cs\/produkt\/mercy-pink\/","title":{"rendered":"Mercy Tanga R\u016f\u017eov\u00e9"},"content":{"rendered":"<p>Dostupn\u00e9 v \u010dern\u00e9, nebesky modr\u00e9, r\u016f\u017eov\u00e9 a tyrkysov\u00e9 barv\u011b<br \/>\nVrchn\u00ed d\u00edl<br \/>\nTanga<br \/>\nDlouh\u00e9 zavazovac\u00ed \u0161\u0148\u016frky po stran\u00e1ch<br \/>\nMateri\u00e1l: 80% Polyamid, 20% Elastan<br \/>\nVysoce elastick\u00fd, rychleschnouc\u00ed materi\u00e1l<br \/>\nVyrobeno v EU<\/p>","protected":false},"excerpt":{"rendered":"<p>Available In Black, Pink, Sky Blue, Turquoise One Piece Thong Bikini Bottom Long SideTies Self: 80% Polyamid, 20% Elastan High Stretch fabric Made in EU<\/p>","protected":false},"featured_media":538,"comment_status":"open","ping_status":"closed","template":"","meta":{"advanced_seo_description":"","spay_email":""},"product_cat":[51,50,53],"product_tag":[],"_links":{"self":[{"href":"https:\/\/www.getitbabe.com\/cs\/wp-json\/wp\/v2\/product\/533"}],"collection":[{"href":"https:\/\/www.getitbabe.com\/cs\/wp-json\/wp\/v2\/product"}],"about":[{"href":"https:\/\/www.getitbabe.com\/cs\/wp-json\/wp\/v2\/types\/product"}],"replies":[{"embeddable":true,"href":"https:\/\/www.getitbabe.com\/cs\/wp-json\/wp\/v2\/comments?post=533"}],"wp:featuredmedia":[{"embeddable":true,"href":"https:\/\/www.getitbabe.com\/cs\/wp-json\/wp\/v2\/media\/538"}],"wp:attachment":[{"href":"https:\/\/www.getitbabe.com\/cs\/wp-json\/wp\/v2\/media?parent=533"}],"wp:term":[{"taxonomy":"product_cat","embeddable":true,"href":"https:\/\/www.getitbabe.com\/cs\/wp-json\/wp\/v2\/product_cat?post=533"},{"taxonomy":"product_tag","embeddable":true,"href":"https:\/\/www.getitbabe.com\/cs\/wp-json\/wp\/v2\/product_tag?post=533"}],"curies":[{"name":"wp","href":"https:\/\/api.w.org\/{rel}","templated":true}]}}