{"id":517,"date":"2021-03-21T12:32:21","date_gmt":"2021-03-21T12:32:21","guid":{"rendered":"https:\/\/www.getitbabe.com\/?post_type=product&#038;p=517"},"modified":"2025-08-29T16:00:51","modified_gmt":"2025-08-29T16:00:51","slug":"coco-emerald","status":"publish","type":"product","link":"https:\/\/www.getitbabe.com\/cs\/produkt\/coco-emerald\/","title":{"rendered":"Coco Tanga Mentolov\u011b zelen\u00e9"},"content":{"rendered":"<p>Dostupn\u00e9 v \u010dern\u00e9, mentolov\u011b zelen\u00e9 a tyrkysov\u00e9 barv\u011b<br \/>\nVrchn\u00ed d\u00edl<br \/>\nTanga<br \/>\nNa boc\u00edch kr\u00e1tk\u00e1 dvojit\u00e1 zavazovac\u00ed \u0161\u0148\u016frka<br \/>\nMateri\u00e1l: 80% Polyamid, 20% Elastan<br \/>\nVysoce elastick\u00fd, rychleschnouc\u00ed materi\u00e1l<br \/>\nVyrobeno v EU<\/p>","protected":false},"excerpt":{"rendered":"<p>Available In Black, Coral, Mint and Turquoise One Piece Thong Bikini Bottom Ties Self: 80% Polyamid, 20% Elastan High Stretch fabric Made in EU<\/p>","protected":false},"featured_media":523,"comment_status":"open","ping_status":"closed","template":"","meta":{"advanced_seo_description":"","spay_email":""},"product_cat":[51,50,53],"product_tag":[],"_links":{"self":[{"href":"https:\/\/www.getitbabe.com\/cs\/wp-json\/wp\/v2\/product\/517"}],"collection":[{"href":"https:\/\/www.getitbabe.com\/cs\/wp-json\/wp\/v2\/product"}],"about":[{"href":"https:\/\/www.getitbabe.com\/cs\/wp-json\/wp\/v2\/types\/product"}],"replies":[{"embeddable":true,"href":"https:\/\/www.getitbabe.com\/cs\/wp-json\/wp\/v2\/comments?post=517"}],"wp:featuredmedia":[{"embeddable":true,"href":"https:\/\/www.getitbabe.com\/cs\/wp-json\/wp\/v2\/media\/523"}],"wp:attachment":[{"href":"https:\/\/www.getitbabe.com\/cs\/wp-json\/wp\/v2\/media?parent=517"}],"wp:term":[{"taxonomy":"product_cat","embeddable":true,"href":"https:\/\/www.getitbabe.com\/cs\/wp-json\/wp\/v2\/product_cat?post=517"},{"taxonomy":"product_tag","embeddable":true,"href":"https:\/\/www.getitbabe.com\/cs\/wp-json\/wp\/v2\/product_tag?post=517"}],"curies":[{"name":"wp","href":"https:\/\/api.w.org\/{rel}","templated":true}]}}