{"id":503,"date":"2021-03-21T12:27:02","date_gmt":"2021-03-21T12:27:02","guid":{"rendered":"https:\/\/www.getitbabe.com\/?post_type=product&#038;p=503"},"modified":"2025-11-21T08:56:20","modified_gmt":"2025-11-21T08:56:20","slug":"kiss-sky-blue","status":"publish","type":"product","link":"https:\/\/www.getitbabe.com\/cs\/produkt\/kiss-sky-blue\/","title":{"rendered":"Kiss Brazilky Nebesky modr\u00e9"},"content":{"rendered":"<p>Dostupn\u00e9 v \u010dern\u00e9, r\u016f\u017eov\u00e9, nebesky modr\u00e9 a tyrkysov\u00e9 barv\u011b<br \/>\nVrchn\u00ed d\u00edl<br \/>\nBrazilky<br \/>\nNa boc\u00edch v\u00e1zac\u00ed ma\u0161le<br \/>\nMateri\u00e1l: 80% Polyamid, 20% Elastan<br \/>\nVysoce elastick\u00fd, rychleschnouc\u00ed materi\u00e1l<br \/>\nVyrobeno v EU<\/p>","protected":false},"excerpt":{"rendered":"<p>Available In Black, Pink, Sky Blue and Turquoise One Piece Brazilian Bikini Bottom Hip Ties Self: 80% Polyamid, 20% Elastan High Stretch fabric Made in EU<\/p>","protected":false},"featured_media":508,"comment_status":"open","ping_status":"closed","template":"","meta":{"advanced_seo_description":"","spay_email":""},"product_cat":[54,51,50],"product_tag":[],"_links":{"self":[{"href":"https:\/\/www.getitbabe.com\/cs\/wp-json\/wp\/v2\/product\/503"}],"collection":[{"href":"https:\/\/www.getitbabe.com\/cs\/wp-json\/wp\/v2\/product"}],"about":[{"href":"https:\/\/www.getitbabe.com\/cs\/wp-json\/wp\/v2\/types\/product"}],"replies":[{"embeddable":true,"href":"https:\/\/www.getitbabe.com\/cs\/wp-json\/wp\/v2\/comments?post=503"}],"wp:featuredmedia":[{"embeddable":true,"href":"https:\/\/www.getitbabe.com\/cs\/wp-json\/wp\/v2\/media\/508"}],"wp:attachment":[{"href":"https:\/\/www.getitbabe.com\/cs\/wp-json\/wp\/v2\/media?parent=503"}],"wp:term":[{"taxonomy":"product_cat","embeddable":true,"href":"https:\/\/www.getitbabe.com\/cs\/wp-json\/wp\/v2\/product_cat?post=503"},{"taxonomy":"product_tag","embeddable":true,"href":"https:\/\/www.getitbabe.com\/cs\/wp-json\/wp\/v2\/product_tag?post=503"}],"curies":[{"name":"wp","href":"https:\/\/api.w.org\/{rel}","templated":true}]}}