{"id":475,"date":"2021-03-21T12:12:33","date_gmt":"2021-03-21T12:12:33","guid":{"rendered":"https:\/\/www.getitbabe.com\/?post_type=product&#038;p=475"},"modified":"2025-05-17T05:40:26","modified_gmt":"2025-05-17T05:40:26","slug":"doll-coral","status":"publish","type":"product","link":"https:\/\/www.getitbabe.com\/cs\/produkt\/doll-coral\/","title":{"rendered":"Doll Cheeky Tanga Kor\u00e1lov\u00e9"},"content":{"rendered":"<p>Dostupn\u00e9 v r\u016f\u017eov\u00e9 a kor\u00e1lov\u00e9 barv\u011b<br \/>\nVrchn\u00ed d\u00edl<br \/>\nCheeky tanga<br \/>\nNa boc\u00edch dlouh\u00e9 zavazovac\u00ed \u0161\u0148\u016frky<br \/>\nMateri\u00e1l: 80% Polyamid, 20% Elastan<br \/>\nVysoce elastick\u00fd, rychleschnouc\u00ed materi\u00e1l<br \/>\nVyrobeno v EU<\/p>","protected":false},"excerpt":{"rendered":"<p>Available In Pink and Coral One Piece Cheeky Bikini Bottom Hip Tie Side Self: 80% Polyamid, 20% Elastan High Stretch fabric Made in EU<\/p>","protected":false},"featured_media":481,"comment_status":"open","ping_status":"closed","template":"","meta":{"advanced_seo_description":"","spay_email":""},"product_cat":[68,51,50],"product_tag":[],"_links":{"self":[{"href":"https:\/\/www.getitbabe.com\/cs\/wp-json\/wp\/v2\/product\/475"}],"collection":[{"href":"https:\/\/www.getitbabe.com\/cs\/wp-json\/wp\/v2\/product"}],"about":[{"href":"https:\/\/www.getitbabe.com\/cs\/wp-json\/wp\/v2\/types\/product"}],"replies":[{"embeddable":true,"href":"https:\/\/www.getitbabe.com\/cs\/wp-json\/wp\/v2\/comments?post=475"}],"wp:featuredmedia":[{"embeddable":true,"href":"https:\/\/www.getitbabe.com\/cs\/wp-json\/wp\/v2\/media\/481"}],"wp:attachment":[{"href":"https:\/\/www.getitbabe.com\/cs\/wp-json\/wp\/v2\/media?parent=475"}],"wp:term":[{"taxonomy":"product_cat","embeddable":true,"href":"https:\/\/www.getitbabe.com\/cs\/wp-json\/wp\/v2\/product_cat?post=475"},{"taxonomy":"product_tag","embeddable":true,"href":"https:\/\/www.getitbabe.com\/cs\/wp-json\/wp\/v2\/product_tag?post=475"}],"curies":[{"name":"wp","href":"https:\/\/api.w.org\/{rel}","templated":true}]}}