{"id":451,"date":"2021-03-19T10:44:11","date_gmt":"2021-03-19T10:44:11","guid":{"rendered":"http:\/\/www.getitbabe.com\/?post_type=product&#038;p=451"},"modified":"2026-01-04T23:57:35","modified_gmt":"2026-01-04T23:57:35","slug":"coco-black","status":"publish","type":"product","link":"https:\/\/www.getitbabe.com\/cs\/produkt\/coco-black\/","title":{"rendered":"Coco Tanga \u010cern\u00e9"},"content":{"rendered":"<p>Dostupn\u00e9 v \u010dern\u00e9, kor\u00e1lov\u00e9, smaragdov\u00e9 a tyrkysov\u00e9<br \/>\nVrchn\u00ed d\u00edl<br \/>\nTanga<br \/>\nNa boc\u00edch kr\u00e1tk\u00e1 dvojit\u00e1 zavazovac\u00ed \u0161\u0148\u016frka<br \/>\nMateri\u00e1l: 80% Polyamid, 20% Elastan<br \/>\nVysoce elastick\u00fd, rychleschnouc\u00ed materi\u00e1l<br \/>\nVyrobeno v EU<\/p>","protected":false},"excerpt":{"rendered":"<p>Available In Black, Coral, Emerald and Tyrkuise One Piece Thong Bikini Bottom Ties Self: 80% Polyamid, 20% Elastan High Stretch fabric Made in EU<\/p>","protected":false},"featured_media":456,"comment_status":"open","ping_status":"closed","template":"","meta":{"advanced_seo_description":"","spay_email":""},"product_cat":[51,50,53],"product_tag":[],"_links":{"self":[{"href":"https:\/\/www.getitbabe.com\/cs\/wp-json\/wp\/v2\/product\/451"}],"collection":[{"href":"https:\/\/www.getitbabe.com\/cs\/wp-json\/wp\/v2\/product"}],"about":[{"href":"https:\/\/www.getitbabe.com\/cs\/wp-json\/wp\/v2\/types\/product"}],"replies":[{"embeddable":true,"href":"https:\/\/www.getitbabe.com\/cs\/wp-json\/wp\/v2\/comments?post=451"}],"wp:featuredmedia":[{"embeddable":true,"href":"https:\/\/www.getitbabe.com\/cs\/wp-json\/wp\/v2\/media\/456"}],"wp:attachment":[{"href":"https:\/\/www.getitbabe.com\/cs\/wp-json\/wp\/v2\/media?parent=451"}],"wp:term":[{"taxonomy":"product_cat","embeddable":true,"href":"https:\/\/www.getitbabe.com\/cs\/wp-json\/wp\/v2\/product_cat?post=451"},{"taxonomy":"product_tag","embeddable":true,"href":"https:\/\/www.getitbabe.com\/cs\/wp-json\/wp\/v2\/product_tag?post=451"}],"curies":[{"name":"wp","href":"https:\/\/api.w.org\/{rel}","templated":true}]}}