{"id":744,"date":"2021-06-14T09:20:19","date_gmt":"2021-06-14T09:20:19","guid":{"rendered":"https:\/\/www.getitbabe.com\/?page_id=744"},"modified":"2021-06-20T13:57:14","modified_gmt":"2021-06-20T13:57:14","slug":"shipping","status":"publish","type":"page","link":"https:\/\/www.getitbabe.com\/cs\/shipping\/","title":{"rendered":"Doprava"},"content":{"rendered":"<div class=\"banner has-hover\" id=\"banner-1994018042\">\n          <div class=\"banner-inner fill\">\n        <div class=\"banner-bg fill\" >\n            <div class=\"bg fill bg-fill\"><\/div>\n                                    \n                    <\/div>\n\t\t\n        <div class=\"banner-layers container\">\n            <div class=\"fill banner-link\"><\/div>            \n\n\n        <\/div>\n      <\/div>\n\n              <div class=\"height-fix is-invisible\"><img width=\"1020\" height=\"296\" src=\"https:\/\/www.getitbabe.com\/wp-content\/uploads\/2021\/06\/2-1024x297.png\" class=\"attachment-large size-large\" alt=\"\" loading=\"lazy\" srcset=\"https:\/\/www.getitbabe.com\/wp-content\/uploads\/2021\/06\/2-1024x297.png 1024w, https:\/\/www.getitbabe.com\/wp-content\/uploads\/2021\/06\/2-300x87.png 300w, https:\/\/www.getitbabe.com\/wp-content\/uploads\/2021\/06\/2-768x222.png 768w, https:\/\/www.getitbabe.com\/wp-content\/uploads\/2021\/06\/2-16x5.png 16w, https:\/\/www.getitbabe.com\/wp-content\/uploads\/2021\/06\/2-600x174.png 600w, https:\/\/www.getitbabe.com\/wp-content\/uploads\/2021\/06\/2.png 1108w\" sizes=\"(max-width: 1020px) 100vw, 1020px\" \/><\/div>\n            \n<style>\n#banner-1994018042 .bg.bg-loaded {\n  background-image: url(https:\/\/www.getitbabe.com\/wp-content\/uploads\/2021\/06\/2-1024x297.png);\n}\n#banner-1994018042 .ux-shape-divider--top svg {\n  height: 150px;\n  --divider-top-width: 100%;\n}\n#banner-1994018042 .ux-shape-divider--bottom svg {\n  height: 150px;\n  --divider-width: 100%;\n}\n<\/style>\n  <\/div>\n\n\n\t<section class=\"section\" id=\"section_628640072\">\n\t\t<div class=\"bg section-bg fill bg-fill  bg-loaded\" >\n\n\t\t\t\n\t\t\t\n\t\t\t\n\n\t\t<\/div>\n\n\t\t\n\n\t\t<div class=\"section-content relative\">\n\t\t\t\n\n\t<div id=\"gap-1594525806\" class=\"gap-element clearfix\" style=\"display:block; height:auto;\">\n\t\t\n<style>\n#gap-1594525806 {\n  padding-top: 40px;\n}\n<\/style>\n\t<\/div>\n\t\n\n<div class=\"row align-center\"  id=\"row-1760300872\">\n\n\n\t<div id=\"col-1522769263\" class=\"col medium-4 small-10 large-4\"  >\n\t\t\t\t<div class=\"col-inner\"  >\n\t\t\t\n\t\t\t\n\n<h1 class=\"uppercase\"><span style=\"font-size: 150%;\">DOPRAVA<\/span><\/h1>\n<a href=\"https:\/\/www.getitbabe.com\/cs\/contact-us\/\" target=\"_self\" class=\"button primary is-link\"  >\n    <span>ZP\u011aT NA KONTAKT<\/span>\n  <i class=\"icon-angle-right\" aria-hidden=\"true\" ><\/i><\/a>\n\n\n\n\t\t<\/div>\n\t\t\t\t\t<\/div>\n\n\t\n\n\t<div id=\"col-1869837654\" class=\"col medium-8 small-10 large-8\"  >\n\t\t\t\t<div class=\"col-inner\"  >\n\t\t\t\n\t\t\t\n\n<h3 class=\"uppercase\"><span style=\"font-size: 15.84px;\">Kam zas\u00edl\u00e1me objedn\u00e1vky<\/span><\/h3>\n<p>Belgie, Bulharsko, Chorvatsko, \u010cesk\u00e1 republika, D\u00e1nsko, Estonsko, Finsko, Francie, It\u00e1lie, Litva, Lucembursko, Ma\u010farsko, Nizozemsko\nN\u011bmecko, Polsko, Portugalsko, Rakousko, Rumunsko, \u0158ecko, Slovensko, Slovinsko, \u0160pan\u011blsko, \u0160v\u00e9dsko, \u0160v\u00fdcarsko, Ukrajina<\/p>\n\n\t\t<\/div>\n\t\t\t\t\t<\/div>\n\n\t\n\n<\/div>\n\n\t\t<\/div>\n\n\t\t\n<style>\n#section_628640072 {\n  padding-top: 30px;\n  padding-bottom: 30px;\n}\n#section_628640072 .ux-shape-divider--top svg {\n  height: 150px;\n  --divider-top-width: 100%;\n}\n#section_628640072 .ux-shape-divider--bottom svg {\n  height: 150px;\n  --divider-width: 100%;\n}\n<\/style>\n\t<\/section>","protected":false},"excerpt":{"rendered":"","protected":false},"author":1,"featured_media":0,"parent":0,"menu_order":0,"comment_status":"closed","ping_status":"closed","template":"","meta":{"advanced_seo_description":"","spay_email":""},"_links":{"self":[{"href":"https:\/\/www.getitbabe.com\/cs\/wp-json\/wp\/v2\/pages\/744"}],"collection":[{"href":"https:\/\/www.getitbabe.com\/cs\/wp-json\/wp\/v2\/pages"}],"about":[{"href":"https:\/\/www.getitbabe.com\/cs\/wp-json\/wp\/v2\/types\/page"}],"author":[{"embeddable":true,"href":"https:\/\/www.getitbabe.com\/cs\/wp-json\/wp\/v2\/users\/1"}],"replies":[{"embeddable":true,"href":"https:\/\/www.getitbabe.com\/cs\/wp-json\/wp\/v2\/comments?post=744"}],"version-history":[{"count":7,"href":"https:\/\/www.getitbabe.com\/cs\/wp-json\/wp\/v2\/pages\/744\/revisions"}],"predecessor-version":[{"id":860,"href":"https:\/\/www.getitbabe.com\/cs\/wp-json\/wp\/v2\/pages\/744\/revisions\/860"}],"wp:attachment":[{"href":"https:\/\/www.getitbabe.com\/cs\/wp-json\/wp\/v2\/media?parent=744"}],"curies":[{"name":"wp","href":"https:\/\/api.w.org\/{rel}","templated":true}]}}