{"id":3,"date":"2020-06-06T14:42:12","date_gmt":"2020-06-06T14:42:12","guid":{"rendered":"http:\/\/localhost\/wordpress\/?page_id=3"},"modified":"2021-06-19T17:30:33","modified_gmt":"2021-06-19T17:30:33","slug":"privacy-policy","status":"publish","type":"page","link":"https:\/\/www.getitbabe.com\/cs\/privacy-policy\/","title":{"rendered":"Ochrana soukrom\u00ed"},"content":{"rendered":"<p>Aktualizace 20.\u010dervna 2021<\/p>\n\n\n\n<p>Z\u00e1sady ochrany osobn\u00edch \u00fadaj\u016f<\/p>\n\n\n\n<p>I. \u00davodn\u00ed ustanoven\u00ed\n1. Pro pot\u0159eby t\u011bchto Z\u00e1sad se rozum\u00ed:\n    \u2022 Provozovatelem FAMMILKY, s.r.o. se s\u00eddlem Smetanova 1912\/5, 737 01 \u00a0\u010cesk\u00fd T\u011b\u0161\u00edn, I\u010c: 268 15 362\n    \u2022 Osobn\u00edmi \u00fadaji jm\u00e9no a p\u0159\u00edjmen\u00ed, obchodn\u00ed firma, e-mailov\u00e1 adresa, telefonn\u00ed \u010d\u00edslo, faktura\u010dn\u00ed adresa, doru\u010dovac\u00ed adresa, IP adresa, cookies, identifika\u010dn\u00ed \u010d\u00edslo podnikaj\u00edc\u00ed fyzick\u00e9 osoby a da\u0148ov\u00e9 identifika\u010dn\u00ed \u010d\u00edslo podnikaj\u00edc\u00ed fyzick\u00e9 osoby, informace o dosa\u017een\u00ed v\u011bku 16 let<\/p>\n\n\n\n<p>WHAT INFORMATION DO WE COLLECT?<\/p>\n\n\n\n<p>2. Provozovatel e-shopu www.geititbabe.cz jako\u017eto spr\u00e1vce Osobn\u00edch \u00fadaj\u016f t\u00edmto informuje o zp\u016fsobu a rozsahu zpracov\u00e1n\u00ed Osobn\u00edch \u00fadaj\u016f, v\u010detn\u011b rozsahu pr\u00e1v \u00da\u010dastn\u00edka (jak je tento definov\u00e1n n\u00ed\u017ee) souvisej\u00edc\u00edch se zpracov\u00e1n\u00edm jeho Osobn\u00edch \u00fadaj\u016f<\/p>\n\n\n\n<p>When we talk about \u201cPersonal Information\u201d in this Privacy Policy, we are talking both about Device Information and Order Information.<\/p>\n\n\n\n<p>3. Provozovatel p\u0159i zpracov\u00e1n\u00ed osobn\u00edch \u00fadaj\u016f postupuje v souladu s n\u00e1sleduj\u00edc\u00edmi pr\u00e1vn\u00edmi p\u0159edpisy<\/p>\n\n\n\n<p>\u2022 Z\u00e1kon o ochran\u011b osobn\u00edch \u00fadaj\u016f \u010d. 101\/2000 Sb.,\n    \u2022 Na\u0159\u00edzen\u00ed Evropsk\u00e9ho parlamentu a Rady (EU) 2016\/679 (d\u00e1le jen \u201eNa\u0159\u00edzen\u00ed\u201c)\n    \u2022 Z\u00e1kon o n\u011bkter\u00fdch slu\u017eb\u00e1ch informa\u010dn\u00ed spole\u010dnosti \u010d. 480\/2004\n    \u2022 Z\u00e1kon \u010d. 563\/1991 Sb., o \u00fa\u010detnictv\u00ed, ve zn\u011bn\u00ed pozd\u011bj\u0161\u00edch p\u0159edpis\u016f, z\u00e1kon \u010d. 89\/2012 Sb., ob\u010dansk\u00fd z\u00e1kon\u00edk, z\u00e1kon \u010d. 634\/1992 Sb., o ochran\u011b spot\u0159ebitele, p\u0159\u00edpadn\u011b v souladu s dal\u0161\u00edmi pr\u00e1vn\u00edmi p\u0159edpisy<\/p>\n\n\n\n<ul><li>To personalize your experience and improve customer service: Your information helps us to better respond to your individual needs and more effectively respond to your customer service and support requests.<\/li><li>To process transactions: Your information, whether public or private, will not be sold, exchanged, transferred, or given to any other company for any reason whatsoever, without your consent, other than for the express purpose of delivering the products you order from our Site. Your information may be shared with third party providers of credit card transaction processing services via the PayPal and Stripe gateway.<\/li><\/ul>\n\n\n\n<p>4. \u00da\u010dastn\u00edk je fyzickou osobou, podnikaj\u00edc\u00ed i nepodnikaj\u00edc\u00ed, kter\u00e1 nakupuje od Provozovatele zbo\u017e\u00ed a slu\u017eby.&nbsp;<a href=\"mailto:info@kirabilko.com\">info@<\/a><a href=\"mailto:info@kirabilko.com\">getitbabe<\/a><a href=\"mailto:info@kirabilko.com\">.com<\/a><\/p>\n\n\n\n<p>HOW DO WE PROTECT YOUR INFORMATION?<\/p>\n\n\n\n<p>5. Provozovatel je pr\u00e1vnickou osobou, kter\u00e1 provozuje tento internetov\u00fd obchod za \u00fa\u010delem prodeje zbo\u017e\u00ed koncov\u00e9mu z\u00e1kazn\u00edkovi. V souvislosti s v\u00fd\u0161e uveden\u00fdm doch\u00e1z\u00ed ke zpracov\u00e1v\u00e1n\u00ed Osobn\u00edch \u00fadaj\u016f:\n    \u2022 v rozsahu v jak\u00e9m byly poskytnuty v souvislosti s objedn\u00e1vkou produkt\u016f a\/nebo slu\u017eeb Provozovatele, resp. v r\u00e1mci jedn\u00e1n\u00ed o uzav\u0159en\u00ed smlouvy s Provozovatelem, jako\u017e i v souvislosti s uzav\u0159enou smlouvou;\n    \u2022 za \u00fa\u010delem\/\u00fa\u010dely uveden\u00fdmi n\u00ed\u017ee v \u010dl. II\n\u00a0<\/p>\n\n\n\n<p>II. \u00da\u010dely a doby zpracov\u00e1n\u00ed Osobn\u00edch \u00fadaj\u016f<\/p>\n\n\n\n<p>1. Provozovatel zpracov\u00e1v\u00e1 Osobn\u00ed \u00fadaje pro n\u00e1sleduj\u00edc\u00ed \u00fa\u010dely:&nbsp;<a href=\"http:\/\/www.allaboutcookies.org\/\">http:\/\/www.allaboutcookies.org<\/a><\/p>\n\n\n\n<p>YOU RIGHTS<\/p>\n\n\n\n<p>a) Pln\u011bn\u00ed smlouvy, p\u0159\u00edpadn\u011b jin\u00e9ho z\u00e1vazku, a poskytov\u00e1n\u00ed slu\u017eeb:\n    \u2022 Osobn\u00ed \u00fadaje budou zpracov\u00e1v\u00e1ny po dobu jedn\u00e1n\u00ed o uzav\u0159en\u00ed smlouvy mezi Provozovatelem a \u00da\u010dastn\u00edkem, a to za \u00fa\u010delem uzav\u0159en\u00ed smlouvy, jako\u017e i po dobu trv\u00e1n\u00ed smluvn\u00edho vztahu; \u00a0Provozovatel z d\u016fvodu vyu\u017e\u00edv\u00e1n\u00ed extern\u00edch skladovac\u00edch slu\u017eeb p\u0159ed\u00e1v\u00e1 osobn\u00ed \u00fadaje v rozsahu jm\u00e9no, p\u0159\u00edjmen\u00ed, telefonn\u00ed \u010d\u00edslo a e-mailov\u00e1 adresa t\u0159et\u00ed stran\u011b \u2013 Rhenus Logistics s.r.o., Na Trojce 369, 252 62 Nu\u010dice I\u010c: 48534412 a sou\u010dasn\u011b p\u0159epravci z\u00e1silek: Geis CZ s.r.o., \u00a0Zemsk\u00e1 211, 337 01 Ejpovice, I\u010c: 44567359 a Z\u00e1silkovna s.r.o., Lihovarsk\u00e1 1060\/12, 190 00\u00a0Praha\u00a09 .\n    \u2022 Zas\u00edl\u00e1n\u00ed dotazn\u00edk\u016f spokojenosti: zas\u00edl\u00e1n\u00ed dotazn\u00edk\u016f spokojenosti za \u00fa\u010delem zkvalitn\u011bn\u00ed poskytovan\u00fdch slu\u017eeb z\u00e1kazn\u00edk\u016fm v n\u00e1vaznosti na vytvo\u0159enou objedn\u00e1vku, rezervaci nebo p\u0159\u00edm\u00fd prodej.\n    \u2022 Marketingov\u00e9 akce: pro \u00fa\u010dely spln\u011bn\u00ed marketingov\u00e9 akce, vyhodnocen\u00ed, ukon\u010den\u00ed, doru\u010den\u00ed p\u0159\u00edpadn\u00e9 v\u00fdhry atd. Doba zpracov\u00e1n\u00ed: po dobu marketingov\u00e9 akce<\/p>\n\n\n\n<p><a href=\"mailto:info@kirabilko.com\">info@<\/a><a href=\"mailto:info@kirabilko.com\">getitbabe<\/a><a href=\"mailto:info@kirabilko.com\">.com<\/a><\/p>\n\n\n\n<p>b) Spln\u011bn\u00ed pr\u00e1vn\u00ed povinnosti (zejm\u00e9na \u00fa\u010detn\u00ed, da\u0148ov\u00e9 a archiva\u010dn\u00ed, poskytnut\u00ed sou\u010dinnosti spr\u00e1vn\u00edm org\u00e1n\u016fm, policii, soud\u016fm):\n    \u2022 da\u0148ov\u00fd doklad bude uchov\u00e1n 10 let od ukon\u010den\u00ed smlouvy: Za \u00fa\u010delem pln\u011bn\u00ed z\u00e1konn\u00e9 povinnosti archivace \u00fa\u010detn\u00edch doklad\u016f na z\u00e1klad\u011b z\u00e1kona \u010d. 563\/1991 Sb., o \u00fa\u010detnictv\u00ed, ve zn\u011bn\u00ed pozd\u011bj\u0161\u00edch p\u0159edpis\u016f budou Osobn\u00ed \u00fadaje d\u00e1le zpracov\u00e1v\u00e1ny a uchov\u00e1v\u00e1ny po dobu 10 let po\u010d\u00ednaje rokem n\u00e1sleduj\u00edc\u00edm po roce, v n\u011bm\u017e do\u0161lo k uzav\u0159en\u00ed smlouvy mezi Provozovatelem a \u00da\u010dastn\u00edkem.\n    \u2022 pln\u011bn\u00ed povinnost\u00ed v souvislosti s uplatn\u011bn\u00edm pr\u00e1v z vadn\u00e9ho pln\u011bn\u00ed, poskytnut\u00ed sou\u010dinnosti spr\u00e1vn\u00edm org\u00e1n\u016fm, policii, soudu: Provozovatel je opr\u00e1vn\u011bn zpracov\u00e1vat z\u00e1kladn\u00ed osobn\u00ed, identifika\u010dn\u00ed a kontaktn\u00ed \u00fadaje z\u00e1kazn\u00edka, \u00fadaje o zbo\u017e\u00ed a \u00fadaje z komunikace mezi z\u00e1kazn\u00edkem po dobu 4 let ode dne uplynut\u00ed z\u00e1ru\u010dn\u00ed doby na zbo\u017e\u00ed.<\/p>\n\n\n\n<p>DATA RETENTION<\/p>\n\n\n\n<p>c) Opr\u00e1vn\u011bn\u00e9 z\u00e1jmy Provozovatele, ochrana pr\u00e1v a pr\u00e1vem chr\u00e1n\u011bn\u00fdch z\u00e1jm\u016f Provozovatele:\n    \u2022 \u00fa\u010dinn\u00e1 obhajoba v p\u0159\u00edpad\u011b sporu. Doba zpracov\u00e1n\u00ed se zde stanovuje na 4 roky od uplynut\u00ed z\u00e1ru\u010dn\u00ed doby na zbo\u017e\u00ed a prodlu\u017euje se o dobu, po kterou je spor\n    \u2022 Opr\u00e1vn\u011bn\u00fdm z\u00e1jmem Provozovatele je d\u00e1le zas\u00edl\u00e1n\u00ed obchodn\u00edch sd\u011blen\u00ed (plo\u0161n\u00fdch nab\u00eddek i individu\u00e1ln\u00edch nab\u00eddek) v souladu s \u00a7 7 odst. 3 z\u00e1kona \u010d. 480\/2004 Sb., o n\u011bkter\u00fdch slu\u017eb\u00e1ch informa\u010dn\u00ed spole\u010dnosti a v souladu s bodem 47 Na\u0159\u00edzen\u00ed, jestli\u017ee Provozovatel z\u00edskal podrobnosti elektronick\u00e9ho kontaktu v souvislosti s prodejem zbo\u017e\u00ed a slu\u017eeb \u00da\u010dastn\u00edkovi.<\/p>\n\n\n\n<p>DISCLOSURE OF INFORMATION TO THIRD PARTIES<\/p>\n\n\n\n<p>d) Marketingov\u00e9 a obchodn\u00ed nab\u00eddky slu\u017eeb Provozovatele:\n    \u2022 Plo\u0161n\u00e9 zas\u00edl\u00e1n\u00ed obchodn\u00edch nab\u00eddek produkt\u016f : zas\u00edl\u00e1n\u00ed obecn\u00fdch reklamn\u00edch sd\u011blen\u00ed bez zac\u00edlen\u00ed na konkr\u00e9tn\u00ed skupinu adres\u00e1t\u016f. Doba zpracov\u00e1n\u00ed osobn\u00edch \u00fadaj\u016f je v tomto p\u0159\u00edpad\u011b 3 roky.\n    \u2022 Individu\u00e1ln\u00ed nab\u00eddka: zas\u00edl\u00e1n\u00ed reklamn\u00edch sd\u011blen\u00ed po zhodnocen\u00ed n\u011bkter\u00fdch osobn\u00edch aspekt\u016f vztahuj\u00edc\u00edch se k fyzick\u00e9 osob\u011b. Provozovatel neprov\u00e1d\u00ed profilov\u00e1n\u00ed v souladu s \u010dl. 22 Na\u0159\u00edzen\u00ed, nebo\u0165 se nejedn\u00e1 o automatizovan\u00e9 zpracov\u00e1v\u00e1n\u00ed, ale ru\u010dn\u00ed tvorbu individu\u00e1ln\u00edch nab\u00eddek. Doba zpracov\u00e1n\u00ed osobn\u00edch \u00fadaj\u016f je v tomto p\u0159\u00edpad\u011b 3 roky.\n\u00a0\n    \u2022 Zas\u00edl\u00e1n\u00ed dotazn\u00edk\u016f Heureka - ov\u011b\u0159eno z\u00e1kazn\u00edky: zas\u00edl\u00e1n\u00ed dotazn\u00edk\u016f Heureka za \u00fa\u010delem zkvalitn\u011bn\u00ed poskytovan\u00fdch slu\u017eeb z\u00e1kazn\u00edk\u016fm. Provozovatel v r\u00e1mci hodnocen\u00ed spokojenosti a jin\u00fdch pr\u016fzkum\u016f p\u0159ed\u00e1v\u00e1 osobn\u00ed \u00fadaje v rozsahu a e-mailov\u00e1 adresa t\u0159et\u00edm stran\u011b \u2013 dal\u0161\u00edmu spr\u00e1vci \u2013 spole\u010dnosti Heureka Shopping s.r.o. Doba zpracov\u00e1n\u00ed osobn\u00edch \u00fadaj\u016f je v tomto p\u0159\u00edpad\u011b 3 roky. (zde je nutn\u00fd v\u00fdslovn\u00fd souhlas \u00da\u010dastn\u00edka).\n    \u2022 Cookies: kr\u00e1tk\u00e9 textov\u00e9 soubory generovan\u00e9 webov\u00fdm serverem a ukl\u00e1dan\u00e9 v po\u010d\u00edta\u010di prost\u0159ednictv\u00edm prohl\u00ed\u017ee\u010de. Rozli\u0161uj\u00ed se dva typy. V prv\u00e9 \u0159ad\u011b jsou to cookies nutn\u00e9 pro zaji\u0161t\u011bn\u00ed fungov\u00e1n\u00ed a anal\u00fdzu webu (uskute\u010dn\u011bn\u00ed p\u0159enosu elektronick\u00e9 komunikace prost\u0159ednictv\u00edm s\u00edt\u011b elektronick\u00fdch komunikac\u00ed, s pou\u017eit\u00edm t\u011bchto cookies nelze vyslovit nesouhlas). D\u00e1le se jedn\u00e1 o cookies, kter\u00e9 hodnot\u00ed n\u011bkter\u00e9 osobn\u00ed aspekty vztahuj\u00edc\u00ed se ke konkr\u00e9tn\u00ed fyzick\u00e9 osob\u011b. S pou\u017eit\u00edm druh\u00e9ho typu cookies mus\u00ed \u00da\u010dastn\u00edk vyslovit souhlas. Doba zpracov\u00e1n\u00ed je v tomto p\u0159\u00edpad\u011b 3 roky.<\/p>\n\n\n\n<p>Pro \u00fa\u010dely re-marketingu jsou p\u0159ed\u00e1v\u00e1ny cookies jin\u00fdm zpracovatel\u016fm pouze v p\u0159\u00edpad\u011b, \u017ee u nich byl ud\u011blen souhlas pro tento \u00fa\u010del, a to s expira\u010dn\u00ed dobou maxim\u00e1ln\u011b 540 dn\u016f. Dojde-li k odebr\u00e1n\u00ed souhlasu s reklamn\u00edmi cookies, nen\u00ed technicky mo\u017en\u00e9 ji\u017e jednou p\u0159edanou cookies u zpracovatele ihned odstranit. K odstran\u011bn\u00ed cookies u zpracovatele dojde automaticky po uplynut\u00ed expira\u010dn\u00ed doby. Okam\u017eit\u00fdm \u0159e\u0161en\u00edm pro zamezen\u00ed re-marketingov\u00fdch aktivit zpracovatelem je smaz\u00e1n\u00ed cookies z prohl\u00ed\u017ee\u010de, viz n\u00e1vod na adrese\u00a0https:\/\/www.euronics.cz\/cookies\/d-96\/.<\/p>\n\n\n\n<p>III. Ochrana osobn\u00edch \u00fadaj\u016f a informace o zpracov\u00e1n\u00ed<\/p>\n\n\n\n<p>1. Pokud \u00da\u010dastn\u00edk neposkytne sv\u00e9 Osobn\u00ed \u00fadaje, nen\u00ed mo\u017en\u00e9 uzav\u0159\u00edt smlouvu s Provozovatelem a\/nebo mu poskytnout slu\u017eby z n\u00ed vypl\u00fdvaj\u00edc\u00ed. Osobn\u00ed \u00fadaje jsou v t\u00e9to souvislosti nezbytn\u00e9 pro poskytnut\u00ed konkr\u00e9tn\u00ed slu\u017eby \u010di produktu Provozovatele.\n2. Po uplynut\u00ed lh\u016ft uveden\u00fdch v \u010dl\u00e1nku II. Provozovatel Osobn\u00ed \u00fadaje vyma\u017ee nebo anonymizuje.\n3. \u00da\u010dastn\u00edk je povinen Provozovateli poskytnout pouze pravdiv\u00e9 a p\u0159esn\u00e9 Osobn\u00ed \u00fadaje. Za spr\u00e1vnost, p\u0159esnost a pravdivost poskytnut\u00fdch Osobn\u00edch \u00fadaj\u016f je zodpov\u011bdn\u00fd \u00da\u010dastn\u00edk. Provozovatel za spr\u00e1vnost poskytnut\u00fdch \u00fadaj\u016f nenese odpov\u011bdnost.\n4.\u00a0Provozovatel vynalo\u017e\u00ed maxim\u00e1ln\u00ed \u00fasil\u00ed, aby nedo\u0161lo k neopr\u00e1vn\u011bn\u00e9mu zpracov\u00e1n\u00ed Osobn\u00edch \u00fadaj\u016f.\n5. Provozovatel je opr\u00e1vn\u011bn p\u0159edat osobn\u00ed \u00fadaje \u00da\u010dastn\u00edka t\u0159et\u00edm osob\u00e1m, a to za n\u00e1sleduj\u00edc\u00edmi \u00fa\u010dely: dokon\u010den\u00ed objedn\u00e1vkov\u00e9ho procesu, doru\u010den\u00ed zbo\u017e\u00ed, zas\u00edl\u00e1n\u00ed obchodn\u00edch sd\u011blen\u00ed, hodnocen\u00ed spokojenosti z\u00e1kazn\u00edka.\n6. Osobn\u00ed \u00fadaje jsou a budou zpracov\u00e1v\u00e1ny v elektronick\u00e9 podob\u011b neautomatizovan\u00fdm zp\u016fsobem.<\/p>\n\n\n\n<h4>Your California Privacy Rights<\/h4>\n\n\n\n<p>IV. Pr\u00e1va \u00da\u010dastn\u00edka souvisej\u00edc\u00ed se zpracov\u00e1v\u00e1n\u00edm<\/p>\n\n\n\n<p>NEWSLETTER<\/p>\n\n\n\n<p>1. Pr\u00e1va \u00da\u010dastn\u00edka v souvislosti s ochranou osobn\u00edch \u00fadaj\u016f:\n    \u2022 po\u017eadovat od Provozovatele p\u0159\u00edstup k jeho Osobn\u00edm \u00fadaj\u016fm;\n    \u2022 na opravu poskytnut\u00fdch Osobn\u00edch \u00fadaj\u016f;\n    \u2022 na v\u00fdmaz poskytnut\u00fdch Osobn\u00edch \u00fadaj\u016f;\n    \u2022 na omezen\u00ed zpracov\u00e1n\u00ed Osobn\u00edch \u00fadaj\u016f;\n    \u2022 podat st\u00ed\u017enost u \u00da\u0159adu pro ochranu osobn\u00edch \u00fadaj\u016f.\n    \u2022 Pr\u00e1vo na p\u0159enos osobn\u00edch \u00fadaj\u016f na jin\u00e9ho spr\u00e1vce\n    \u2022 Pr\u00e1vo vzn\u00e9st n\u00e1mitku proti zpracov\u00e1n\u00ed osobn\u00edch \u00fadaj\u016f<\/p>\n\n\n\n<p>2. \u00da\u010dastn\u00edk m\u016f\u017ee sv\u00e1 pr\u00e1va podle odst. 1 tohoto \u010dl\u00e1nku uplatnit prost\u0159ednictv\u00edm odkazu uveden\u00e9ho v pati\u010dce e-mailu zaslan\u00e9ho ze strany Provozovatele nebo \u017e\u00e1dost\u00ed na adrese \u00a0info@getitbabe.comnebo v p\u0159\u00edpad\u011b registrovan\u00e9ho z\u00e1kazn\u00edka v z\u00e1kaznick\u00e9 sekci na webov\u00fdch str\u00e1nk\u00e1ch e-shopu.<\/p>\n\n\n\n<p>3. Pr\u00e1va podle odst. 1 tohoto \u010dl\u00e1nku p\u00edsm. c) a d) nen\u00ed mo\u017en\u00e9 uplatnit v rozsahu a pro \u00fa\u010dely uveden\u00e9 v \u010dl. II odst. 1 p\u00edsm. a), b) a c) s v\u00fdjimkou bodu ii) p\u00edsm. c) \u010dl. II, kdy je mo\u017en\u00e9 uplatn\u011bn\u00ed v\u0161ech pr\u00e1v uveden\u00fdch v odst.<\/p>\n\n\n\n<p>4. V p\u0159\u00edpad\u011b, \u017ee by se \u00da\u010dastn\u00edk domn\u00edval, \u017ee Provozovatel prov\u00e1d\u00ed zpracov\u00e1n\u00ed jeho Osobn\u00edch \u00fadaj\u016f, kter\u00e9 je v rozporu s ochranou jeho soukrom\u00e9ho a osobn\u00edho \u017eivota nebo v rozporu s p\u0159\u00edslu\u0161n\u00fdmi pr\u00e1vn\u00edmi p\u0159edpisy, zejm\u00e9na jsou-li Osobn\u00ed \u00fadaje nep\u0159esn\u00e9 s ohledem na \u00fa\u010del jejich zpracov\u00e1n\u00ed, m\u016f\u017ee:\n    \u2022 po\u017e\u00e1dat Provozovatele o vysv\u011btlen\u00ed, a to e-mailem na adresu\u00a0info@getitbabe.com\n    \u2022 vzn\u00e9st n\u00e1mitku proti zpracov\u00e1n\u00ed a po\u017eadovat e-mailem zaslan\u00fdm na adresu info@getitbabe.com, abyl zajistil odstran\u011bn\u00ed takto vznikl\u00e9ho stavu (nap\u0159. blokov\u00e1n\u00edm, proveden\u00edm opravy, dopln\u011bn\u00edm nebo likvidac\u00ed osobn\u00edch \u00fadaj\u016f). Provozovatel o n\u00e1mitce neprodlen\u011b rozhodne a informuje \u00da\u010dastn\u00edka. Nevyhov\u00ed-li Provozovatel n\u00e1mitce, m\u00e1 \u00da\u010dastn\u00edk pr\u00e1vo obr\u00e1tit se p\u0159\u00edmo na \u00da\u0159ad pro ochranu osobn\u00edch \u00fadaj\u016f. T\u00edmto ustanoven\u00edm nen\u00ed dot\u010deno opr\u00e1vn\u011bn\u00ed \u00da\u010dastn\u00edka obr\u00e1tit se se sv\u00fdm podn\u011btem na \u00da\u0159ad pro ochranu osobn\u00edch \u00fadaj\u016f p\u0159\u00edmo.<\/p>\n\n\n\n<p>5. Uplatn\u00ed-li \u00da\u010dastn\u00edk pr\u00e1vo dle tohoto \u010dl\u00e1nku, je Provozovatel povinen odpov\u011bd\u011bt do 30 dn\u00ed od obdr\u017een\u00ed \u017e\u00e1dosti<\/p>\n\n\n\n<p>6. P\u0159ijet\u00ed \u017e\u00e1dosti o uplatn\u011bn\u00ed pr\u00e1va z \u010dl\u00e1nku IV., bodu 1 a) a f) je mo\u017en\u00e9 pouze prost\u0159ednictv\u00edm datov\u00e9 zpr\u00e1vy nebo dopisem s \u00fa\u0159edn\u011b ov\u011b\u0159en\u00fdm podpisem na adresu s\u00eddla spole\u010dnosti. Sou\u010d\u00e1st\u00ed \u017e\u00e1dosti je nezbytn\u00e9 uv\u00e9st e-mailovou adresu, na kterou bude pot\u00e9 zasl\u00e1n ov\u011b\u0159ovac\u00ed e-mail za \u00fa\u010delem potvrzen\u00ed toto\u017enosti \u017eadatele.<\/p>\n\n\n\n<p>7. Pokud \u00da\u010dastn\u00edk uplatn\u00ed n\u011bkter\u00e9 z pr\u00e1v z \u010dl\u00e1nku IV., odstavec 1, m\u00e1 Provozovatel pr\u00e1vo \u017e\u00e1dat prok\u00e1z\u00e1n\u00ed toto\u017enosti \u00da\u010dastn\u00edka. \u017d\u00e1dost o p\u0159\u00edstup k osobn\u00edm \u00fadaj\u016fm tak mus\u00ed b\u00fdt zasl\u00e1na z e-mailov\u00e9 adresy \u017eadatele. Bude-li \u017e\u00e1dost pod\u00e1na jinou formou, \u010di z jin\u00e9 e- mailov\u00e9 adresy, m\u00e1 Provozovatel pr\u00e1vo po\u017eadovat dodate\u010dn\u00e9 ov\u011b\u0159en\u00ed formou odpov\u011bdi na ov\u011b\u0159ovac\u00ed e-mail. V p\u0159\u00edpad\u011b, kdy \u017eadatel neprok\u00e1\u017ee svou toto\u017enost do 14 dn\u016f od zasl\u00e1n\u00ed ov\u011b\u0159ovac\u00edho e-mailu, nebude jeho \u017e\u00e1dost na uplatn\u011bn\u00ed pr\u00e1v z \u010dl\u00e1nku IV., odstavec 1 p\u0159ijata.<\/p>\n\n\n\n<p>8. Provozovatel je opr\u00e1vn\u011bn v p\u0159\u00edpad\u011b opakovan\u00e9 a ned\u016fvodn\u00e9 \u017e\u00e1dosti o poskytnut\u00ed fyzick\u00e9 kopie zpracov\u00e1van\u00fdch Osobn\u00edch \u00fadaj\u016f \u00fa\u010dtovat p\u0159im\u011b\u0159en\u00fd poplatek za administrativn\u00ed n\u00e1klady s t\u00edm spojen\u00e9.\n\u00a0<\/p>\n\n\n\n<p>V. Z\u00e1v\u011bre\u010dn\u00e1 ustanoven\u00ed\n\u00a0\n    \u2022 Ve\u0161ker\u00e9 pr\u00e1vn\u00ed vztahy vznikaj\u00edc\u00ed v souvislosti se zpracov\u00e1v\u00e1n\u00edm Osobn\u00edch \u00fadaj\u016f se \u0159\u00edd\u00ed pr\u00e1vn\u00edm \u0159\u00e1dem \u010cesk\u00e9 republiky, a to bez ohledu na to, odkud byl p\u0159\u00edstup k nim realizov\u00e1n. K \u0159e\u0161en\u00ed p\u0159\u00edpadn\u00fdch spor\u016f vznikl\u00fdch v souvislosti s ochranou soukrom\u00ed mezi \u00da\u010dastn\u00edkem a Provozovatelem jsou p\u0159\u00edslu\u0161n\u00e9 \u010desk\u00e9 soudy.\n    \u2022 Subjekt \u00fadaj\u016f m\u00e1 pr\u00e1vo obr\u00e1tit se na \u00da\u0159ad pro ochranu osobn\u00edch \u00fadaj\u016f (www.uoou.cz).\n    \u2022 Tyto Z\u00e1sady nab\u00fdvaj\u00ed \u00fa\u010dinnosti dnem 19.6.2021&nbsp;<a href=\"mailto:info@kirabilko.com\">info@<\/a><a href=\"mailto:info@kirabilko.com\">getitbabe<\/a><a href=\"mailto:info@kirabilko.com\">.com<\/a>&nbsp;if you have any questions.<\/p>\n\n\n\n<p>Team GETITBABE<\/p>","protected":false},"excerpt":{"rendered":"<p>Revised Date: June 20, 2021 WHAT THIS PRIVACY POLICY COVERS We want you to feel safe online. For that reason, we want to let you know how we treat personal information that we collect from users of the Site, with a URL at&nbsp;www.getitbabe.com (the \u201cSite\u201d). By providing personal information through the Site, you explicitly agree [&#8230;]","protected":false},"author":1,"featured_media":0,"parent":0,"menu_order":0,"comment_status":"closed","ping_status":"open","template":"","meta":{"advanced_seo_description":"","spay_email":""},"_links":{"self":[{"href":"https:\/\/www.getitbabe.com\/cs\/wp-json\/wp\/v2\/pages\/3"}],"collection":[{"href":"https:\/\/www.getitbabe.com\/cs\/wp-json\/wp\/v2\/pages"}],"about":[{"href":"https:\/\/www.getitbabe.com\/cs\/wp-json\/wp\/v2\/types\/page"}],"author":[{"embeddable":true,"href":"https:\/\/www.getitbabe.com\/cs\/wp-json\/wp\/v2\/users\/1"}],"replies":[{"embeddable":true,"href":"https:\/\/www.getitbabe.com\/cs\/wp-json\/wp\/v2\/comments?post=3"}],"version-history":[{"count":4,"href":"https:\/\/www.getitbabe.com\/cs\/wp-json\/wp\/v2\/pages\/3\/revisions"}],"predecessor-version":[{"id":847,"href":"https:\/\/www.getitbabe.com\/cs\/wp-json\/wp\/v2\/pages\/3\/revisions\/847"}],"wp:attachment":[{"href":"https:\/\/www.getitbabe.com\/cs\/wp-json\/wp\/v2\/media?parent=3"}],"curies":[{"name":"wp","href":"https:\/\/api.w.org\/{rel}","templated":true}]}}