{"id":117,"date":"2020-06-06T14:43:12","date_gmt":"2020-06-06T14:43:12","guid":{"rendered":"http:\/\/www.getitbabe.com\/?page_id=117"},"modified":"2021-06-15T18:14:57","modified_gmt":"2021-06-15T18:14:57","slug":"returns","status":"publish","type":"page","link":"https:\/\/www.getitbabe.com\/cs\/returns\/","title":{"rendered":"Vr\u00e1cen\u00ed a v\u00fdm\u011bna zbo\u017e\u00ed"},"content":{"rendered":"<section class=\"section\" id=\"section_1829956005\">\n\t\t<div class=\"bg section-bg fill bg-fill  bg-loaded\" >\n\n\t\t\t\n\t\t\t<div class=\"section-bg-overlay absolute fill\"><\/div>\n\t\t\t\n\n\t\t<\/div>\n\n\t\t\n\n\t\t<div class=\"section-content relative\">\n\t\t\t\n\n<div class=\"row row-collapse align-center\"  id=\"row-1438216046\">\n\n\n\t<div id=\"col-1279656857\" class=\"col medium-8 small-12 large-8\"  >\n\t\t\t\t<div class=\"col-inner text-center\"  >\n\t\t\t\n\t\t\t\n\n<p>&nbsp;<\/p>\n<h2>Vr\u00e1cen\u00ed a V\u00fdm\u011bna zbo\u017e\u00ed<\/h2>\n<p style=\"margin: 0cm 0cm 11.25pt 0cm;\">Pokud nejste spokojeni s velikost\u00ed, barvou nebo st\u0159ihem, m\u016f\u017eete zbo\u017e\u00ed vr\u00e1tit nebo po\u017e\u00e1dat o v\u00fdm\u011bnu <strong>do 14 dn\u016f od p\u0159evzet\u00ed z\u00e1silky <\/strong>&nbsp;.Plavky a ve\u0161ker\u00e9 oble\u010den\u00ed je p\u0159ed odesl\u00e1n\u00edm pe\u010dliv\u011b zkontrolov\u00e1no, jestli\u017ee p\u0159esto obdr\u017e\u00edte zbo\u017e\u00ed, kter\u00e9 je nespr\u00e1vn\u00e9 nebo po\u0161kozen\u00e9, informujte n\u00e1s co nejd\u0159\u00edve<\/p>\n\n\t\t<\/div>\n\t\t\t\t\n<style>\n#col-1279656857 > .col-inner {\n  padding: 50px 0px 50px 0px;\n}\n<\/style>\n\t<\/div>\n\n\t\n\n\t<div id=\"col-712068749\" class=\"col large-12\"  >\n\t\t\t\t<div class=\"col-inner\"  >\n\t\t\t\n\t\t\t\n\n  <div class=\"banner-grid-wrapper\">\n  <div id=\"banner-grid-1509778082\" class=\"banner-grid row row-grid row-small\" data-packery-options=\"\">\n                      \n\n<div class=\"col grid-col large-4 grid-col-1-3\" ><div class=\"col-inner\">\n\n\n  <div class=\"banner has-hover\" id=\"banner-182649146\">\n          <div class=\"banner-inner fill\">\n        <div class=\"banner-bg fill\" >\n            <div class=\"bg fill bg-fill\"><\/div>\n                                    \n                    <\/div>\n\t\t\n        <div class=\"banner-layers container\">\n            <div class=\"fill banner-link\"><\/div>            \n\n   <div id=\"text-box-1372636740\" class=\"text-box banner-layer x50 md-x50 lg-x50 y50 md-y50 lg-y50 res-text\">\n                                <div class=\"text-box-content text dark\">\n              \n              <div class=\"text-inner text-center\">\n                  \n\n<h2 class=\"uppercase\"><strong>\u0160patn\u00e1 barva?<\/strong><\/h2>\n<h4 class=\"uppercase\"><strong><br \/>\u017d\u00e1dn\u00fd probl\u00e9m! Kontaktujte n\u00e1s!<\/strong><\/h4>\n<p>&nbsp;<\/p>\n\n              <\/div>\n           <\/div>\n                            \n<style>\n#text-box-1372636740 {\n  width: 79%;\n}\n#text-box-1372636740 .text-box-content {\n  font-size: 100%;\n}\n<\/style>\n    <\/div>\n \n\n        <\/div>\n      <\/div>\n\n            \n<style>\n#banner-182649146 {\n  padding-top: 500px;\n}\n#banner-182649146 .ux-shape-divider--top svg {\n  height: 150px;\n  --divider-top-width: 100%;\n}\n#banner-182649146 .ux-shape-divider--bottom svg {\n  height: 150px;\n  --divider-width: 100%;\n}\n<\/style>\n  <\/div>\n\n\n\n<\/div><\/div>\n<div class=\"col grid-col large-8 grid-col-1\" ><div class=\"col-inner\">\n\n\n  <div class=\"banner has-hover\" id=\"banner-1556715810\">\n          <div class=\"banner-inner fill\">\n        <div class=\"banner-bg fill\" >\n            <div class=\"bg fill bg-fill\"><\/div>\n                                    \n                    <\/div>\n\t\t\n        <div class=\"banner-layers container\">\n            <div class=\"fill banner-link\"><\/div>            \n\n   <div id=\"text-box-828302738\" class=\"text-box banner-layer x50 md-x50 lg-x50 y50 md-y50 lg-y50 res-text\">\n                                <div class=\"text-box-content text\">\n              \n              <div class=\"text-inner text-center\">\n                  \n\n<div class=\"container section-title-container\" ><h3 class=\"section-title section-title-normal\"><b><\/b><span class=\"section-title-main\" style=\"color:rgb(0, 0, 0);\">V\u00fdm\u011bna:<\/span><b><\/b><\/h3><\/div>\n\n<p style=\"margin: 0cm 0cm 11.25pt; text-align: left;\">Pros\u00edm, dejte n\u00e1m v\u011bd\u011bt, za jakou barvu chcete zbo\u017e\u00ed vym\u011bnit. Jakmile se n\u00e1m zbo\u017e\u00ed vr\u00e1t\u00ed,  vym\u011bn\u00edme V\u00e1m zbo\u017e\u00ed za zbo\u017e\u00ed v po\u017eadovan\u00e9 barv\u011b a za\u0161leme V\u00e1m bal\u00ed\u010dek zp\u011bt.<\/p>\n<p style=\"margin: 0cm 0cm 11.25pt; text-align: left;\">Zbo\u017e\u00ed V\u00e1m vym\u011bn\u00edme, pokud bychom nem\u011bli Va\u0161i velikost, vr\u00e1t\u00edme V\u00e1m zp\u011bt pen\u00edze.<\/p>\n<p style=\"margin: 0cm 0cm 11.25pt; text-align: left;\">Plavky a oble\u010den\u00ed mus\u00ed b\u00fdt zasl\u00e1no na Va\u0161e n\u00e1klady zp\u011bt. Op\u011btovn\u00e9 odesl\u00e1ni vym\u011bn\u011bn\u00e9ho zbo\u017e\u00ed k V\u00e1m bude hrazeno n\u00e1mi.<\/p>\n<p style=\"margin: 0cm 0cm 11.25pt; text-align: left;\">Pros\u00edm, p\u0159ilo\u017ete vypln\u011bn\u00fd reklama\u010dn\u00ed formul\u00e1\u0159 do bal\u00ed\u010dku a za\u0161lete zbo\u017e\u00ed na adresu:<\/p>\n<p style=\"margin: 0cm 0cm 0.0001pt; text-align: left;\"><strong><span style=\"font-size: 11.5pt; font-family: 'Arial','sans-serif'; color: #3d4246;\">Adresa pro vr\u00e1cen\u00ed zbo\u017e\u00ed:<\/span><\/strong><\/p>\n<p style=\"margin: 0cm 0cm 0.0001pt; text-align: left;\"><span style=\"font-size: 11.5pt; font-family: 'Arial','sans-serif'; color: #3d4246;\">Fammilky s.r.o. - reklamace<\/span><\/p>\n<p style=\"margin: 0cm 0cm 0.0001pt; text-align: left;\"><span style=\"font-size: 11.5pt; font-family: 'Arial','sans-serif'; color: #3d4246;\">Smetanova 5<\/span><\/p>\n<p style=\"margin: 0cm 0cm 0.0001pt; text-align: left;\"><span style=\"font-size: 11.5pt; font-family: 'Arial','sans-serif'; color: #3d4246;\">737 01 \u010cesk\u00fd T\u011b\u0161\u00edn<\/span><\/p>\n<p style=\"margin: 0cm 0cm 0.0001pt; text-align: left;\"><span style=\"font-size: 11.5pt; font-family: 'Arial','sans-serif'; color: #3d4246;\">\u010cesk\u00e1 Republika<\/span><\/p>\n\n              <\/div>\n           <\/div>\n                            \n<style>\n#text-box-828302738 {\n  width: 94%;\n}\n#text-box-828302738 .text-box-content {\n  font-size: 135%;\n}\n<\/style>\n    <\/div>\n \n\n        <\/div>\n      <\/div>\n\n            \n<style>\n#banner-1556715810 {\n  padding-top: 500px;\n  background-color: rgb(255, 255, 255);\n}\n#banner-1556715810 .ux-shape-divider--top svg {\n  height: 150px;\n  --divider-top-width: 100%;\n}\n#banner-1556715810 .ux-shape-divider--bottom svg {\n  height: 150px;\n  --divider-width: 100%;\n}\n<\/style>\n  <\/div>\n\n\n\n<\/div><\/div>\n<div class=\"col grid-col large-4 grid-col-1-3\" ><div class=\"col-inner\">\n\n\n  <div class=\"banner has-hover\" id=\"banner-1493642365\">\n          <div class=\"banner-inner fill\">\n        <div class=\"banner-bg fill\" >\n            <div class=\"bg fill bg-fill\"><\/div>\n                                    \n                    <\/div>\n\t\t\n        <div class=\"banner-layers container\">\n            <div class=\"fill banner-link\"><\/div>            \n\n   <div id=\"text-box-2100140852\" class=\"text-box banner-layer x50 md-x50 lg-x50 y50 md-y50 lg-y50 res-text\">\n                                <div class=\"text-box-content text dark\">\n              \n              <div class=\"text-inner text-center\">\n                  \n\n<h2 class=\"uppercase\"><strong>Nesed\u00ed V\u00e1m velikost?<\/strong><\/h2>\n<h3>Vym\u011b\u0148te ji!<\/h3>\n\n              <\/div>\n           <\/div>\n                            \n<style>\n#text-box-2100140852 {\n  width: 60%;\n}\n#text-box-2100140852 .text-box-content {\n  font-size: 100%;\n}\n<\/style>\n    <\/div>\n \n\n        <\/div>\n      <\/div>\n\n            \n<style>\n#banner-1493642365 {\n  padding-top: 500px;\n}\n#banner-1493642365 .ux-shape-divider--top svg {\n  height: 150px;\n  --divider-top-width: 100%;\n}\n#banner-1493642365 .ux-shape-divider--bottom svg {\n  height: 150px;\n  --divider-width: 100%;\n}\n<\/style>\n  <\/div>\n\n\n\n<\/div><\/div>\n<div class=\"col grid-col large-4 grid-col-1-3\" ><div class=\"col-inner\">\n\n\n  <div class=\"banner has-hover\" id=\"banner-1720953066\">\n          <div class=\"banner-inner fill\">\n        <div class=\"banner-bg fill\" >\n            <div class=\"bg fill bg-fill\"><\/div>\n                                    \n                    <\/div>\n\t\t\n        <div class=\"banner-layers container\">\n            <div class=\"fill banner-link\"><\/div>            \n\n   <div id=\"text-box-386176699\" class=\"text-box banner-layer x50 md-x50 lg-x50 y50 md-y50 lg-y50 res-text\">\n                                <div class=\"text-box-content text dark\">\n              \n              <div class=\"text-inner text-center\">\n                  \n\n<h2 class=\"uppercase\"><strong>\u0160patn\u00e9 zbo\u017e\u00ed?<\/strong><\/h2>\n<h4 class=\"uppercase\"><strong>Vym\u011bn\u00edme nebo vr\u00e1t\u00edme pen\u00edze!<\/strong><\/h4>\n<p>&nbsp;<\/p>\n\n              <\/div>\n           <\/div>\n                            \n<style>\n#text-box-386176699 {\n  width: 60%;\n}\n#text-box-386176699 .text-box-content {\n  font-size: 100%;\n}\n<\/style>\n    <\/div>\n \n\n        <\/div>\n      <\/div>\n\n            \n<style>\n#banner-1720953066 {\n  padding-top: 500px;\n}\n#banner-1720953066 .ux-shape-divider--top svg {\n  height: 150px;\n  --divider-top-width: 100%;\n}\n#banner-1720953066 .ux-shape-divider--bottom svg {\n  height: 150px;\n  --divider-width: 100%;\n}\n<\/style>\n  <\/div>\n\n\n\n<\/div><\/div>\n\n            <\/div>\n    <style>\n    #banner-grid-1509778082 .grid-col-1{height: 600px}\n    #banner-grid-1509778082 .grid-col-1-2{height: 300px}\n    #banner-grid-1509778082 .grid-col-1-3{height:200px}\n    #banner-grid-1509778082 .grid-col-2-3{height: 400px}\n    #banner-grid-1509778082 .grid-col-1-4{height: 150px}\n    #banner-grid-1509778082 .grid-col-3-4{height: 450px}\n\n\n    \n    \n\n  <\/style>\n    <\/div>\n  \n\n\t\t<\/div>\n\t\t\t\t\t<\/div>\n\n\t\n\n<\/div>\n\n\t\t<\/div>\n\n\t\t\n<style>\n#section_1829956005 {\n  padding-top: 0px;\n  padding-bottom: 0px;\n  background-color: rgb(208, 208, 208);\n}\n#section_1829956005 .section-bg-overlay {\n  background-color: rgba(255, 255, 255, 0.85);\n}\n#section_1829956005 .ux-shape-divider--top svg {\n  height: 150px;\n  --divider-top-width: 100%;\n}\n#section_1829956005 .ux-shape-divider--bottom svg {\n  height: 150px;\n  --divider-width: 100%;\n}\n<\/style>\n\t<\/section>\n\t\n\t<div id=\"gap-724530080\" class=\"gap-element clearfix\" style=\"display:block; height:auto;\">\n\t\t\n<style>\n#gap-724530080 {\n  padding-top: 35px;\n}\n<\/style>\n\t<\/div>\n\t\n\n\t<section class=\"section\" id=\"section_2121037268\">\n\t\t<div class=\"bg section-bg fill bg-fill  bg-loaded\" >\n\n\t\t\t\n\t\t\t\n\t\t\t\n\n\t\t<\/div>\n\n\t\t\n\n\t\t<div class=\"section-content relative\">\n\t\t\t\n\n\t<div id=\"gap-325925163\" class=\"gap-element clearfix\" style=\"display:block; height:auto;\">\n\t\t\n<style>\n#gap-325925163 {\n  padding-top: 50px;\n}\n<\/style>\n\t<\/div>\n\t\n\n<div class=\"row align-center\"  id=\"row-2026170048\">\n\n\n\t<div id=\"col-868316321\" class=\"col medium-4 small-10 large-4\"  >\n\t\t\t\t<div class=\"col-inner\"  >\n\t\t\t\n\t\t\t\n\n\t<div id=\"gap-138900782\" class=\"gap-element clearfix\" style=\"display:block; height:auto;\">\n\t\t\n<style>\n#gap-138900782 {\n  padding-top: 1px;\n}\n<\/style>\n\t<\/div>\n\t\n\n<h1><span style=\"font-size: 150%;\">REKLAMACE:<\/span><\/h1>\n<p>&nbsp;<\/p>\n<p style=\"margin: 0cm; margin-bottom: .0001pt;\"><strong><span style=\"font-size: 11.5pt; font-family: 'Arial','sans-serif'; color: #3d4246;\">Adresa pro vr\u00e1cen\u00ed zbo\u017e\u00ed:<\/span><\/strong><\/p>\n<p style=\"margin: 0cm; margin-bottom: .0001pt;\"><span style=\"font-size: 11.5pt; font-family: 'Arial','sans-serif'; color: #3d4246;\">Fammilky s.r.o. - reklamace<\/span><\/p>\n<p style=\"margin: 0cm; margin-bottom: .0001pt;\"><span style=\"font-size: 11.5pt; font-family: 'Arial','sans-serif'; color: #3d4246;\">Smetanova 5<\/span><\/p>\n<p style=\"margin: 0cm; margin-bottom: .0001pt;\"><span style=\"font-size: 11.5pt; font-family: 'Arial','sans-serif'; color: #3d4246;\">737 01 \u010cesk\u00fd T\u011b\u0161\u00edn<\/span><\/p>\n<p style=\"margin: 0cm; margin-bottom: .0001pt;\"><span style=\"font-size: 11.5pt; font-family: 'Arial','sans-serif'; color: #3d4246;\">\u010cesk\u00e1 Republika<\/span><\/p>\n\n\t\t<\/div>\n\t\t\t\t\n<style>\n#col-868316321 > .col-inner {\n  padding: 0px 40px 0px 0px;\n}\n<\/style>\n\t<\/div>\n\n\t\n\n\t<div id=\"col-256295410\" class=\"col medium-8 small-10 large-8\"  >\n\t\t\t\t<div class=\"col-inner\"  >\n\t\t\t\n\t\t\t\n\n<p style=\"margin: 0cm 0cm 11.25pt 0cm;\">Vr\u00e1cen\u00e9 zbo\u017e\u00ed bude zkontrolov\u00e1no a \u010d\u00e1stka V\u00e1m bude zasl\u00e1na na V\u00e1\u0161 bankovn\u00ed \u00fa\u010det, v p\u0159\u00edpad\u011b zahrani\u010dn\u00ed platby bude vracej\u00edc\u00ed se \u010d\u00e1stka p\u0159epo\u010dtena aktu\u00e1ln\u00edm kurzem.<\/p>\n<p style=\"margin: 0cm 0cm 11.25pt 0cm;\">Pokud zbo\u017e\u00ed od V\u00e1\u0161 bude vr\u00e1ceno po\u0161kozen\u00e9, bude zasl\u00e1no zp\u011bt na Va\u0161i adresu a nebude mo\u017en\u00e9 \u017e\u00e1dat vr\u00e1cen\u00ed pen\u011bz.<\/p>\n<p style=\"margin: 0cm 0cm 11.25pt 0cm;\"><strong>Zbo\u017e\u00ed mus\u00ed b\u00fdt zasl\u00e1no zp\u011bt bezpe\u010dn\u011b zabaleno ( doporu\u010dujeme pou\u017e\u00edt ob\u00e1lku s bublinkovou f\u00f3lii) s origin\u00e1ln\u00ed visa\u010dkou GETITBABE a plavky s hygienickou samolepkou. \nZbo\u017e\u00ed nesm\u00ed b\u00fdt nikdy vypr\u00e1no, nesm\u00ed b\u00fdt no\u0161eno nebo p\u0159\u00edpadn\u011b po\u0161kozeno.<\/strong><\/p>\n<p style=\"margin: 0cm 0cm 11.25pt 0cm;\">N\u00e1rok na vr\u00e1cen\u00ed pen\u011bz nebo v\u00fdm\u011bnu zbo\u017e\u00ed vznik\u00e1 pouze tehdy, jestli\u017ee zbo\u017e\u00ed nebylo nikdy no\u0161eno.<\/p>\n\n\t\t<\/div>\n\t\t\t\t\t<\/div>\n\n\t\n\n<\/div>\n\n\t\t<\/div>\n\n\t\t\n<style>\n#section_2121037268 {\n  padding-top: 20px;\n  padding-bottom: 20px;\n}\n#section_2121037268 .ux-shape-divider--top svg {\n  height: 150px;\n  --divider-top-width: 100%;\n}\n#section_2121037268 .ux-shape-divider--bottom svg {\n  height: 150px;\n  --divider-width: 100%;\n}\n<\/style>\n\t<\/section>\n\t\n\n  <div class=\"banner has-hover hide-for-small\" id=\"banner-319305898\">\n          <div class=\"banner-inner fill\">\n        <div class=\"banner-bg fill\" >\n            <div class=\"bg fill bg-fill\"><\/div>\n                        <div class=\"overlay\"><\/div>            \n                    <\/div>\n\t\t\n        <div class=\"banner-layers container\">\n            <div class=\"fill banner-link\"><\/div>            \n\n   <div id=\"text-box-770141069\" class=\"text-box banner-layer x50 md-x50 lg-x50 y10 md-y50 lg-y50 res-text\">\n                                <div class=\"text-box-content text\">\n              \n              <div class=\"text-inner text-center\">\n                  \n\n<h2>Reklama\u010dn\u00ed formul\u00e1\u0159<\/h2>\n\t<div id=\"gap-1487413578\" class=\"gap-element clearfix\" style=\"display:block; height:auto;\">\n\t\t\n<style>\n#gap-1487413578 {\n  padding-top: 12px;\n}\n<\/style>\n\t<\/div>\n\t\n\n<div role=\"form\" class=\"wpcf7\" id=\"wpcf7-f289-o1\" lang=\"en-US\" dir=\"ltr\">\n<div class=\"screen-reader-response\"><p role=\"status\" aria-live=\"polite\" aria-atomic=\"true\"><\/p> <ul><\/ul><\/div>\n<form action=\"\/cs\/wp-json\/wp\/v2\/pages\/117#wpcf7-f289-o1\" method=\"post\" class=\"wpcf7-form init\" novalidate=\"novalidate\" data-status=\"init\" data-trp-original-action=\"\/cs\/wp-json\/wp\/v2\/pages\/117#wpcf7-f289-o1\">\n<div style=\"display: none;\">\n<input type=\"hidden\" name=\"_wpcf7\" value=\"289\" \/>\n<input type=\"hidden\" name=\"_wpcf7_version\" value=\"5.5.1\" \/>\n<input type=\"hidden\" name=\"_wpcf7_locale\" value=\"en_US\" \/>\n<input type=\"hidden\" name=\"_wpcf7_unit_tag\" value=\"wpcf7-f289-o1\" \/>\n<input type=\"hidden\" name=\"_wpcf7_container_post\" value=\"0\" \/>\n<input type=\"hidden\" name=\"_wpcf7_posted_data_hash\" value=\"\" \/>\n<\/div>\n<p><label> Va\u0161e jm\u00e9no ( nutno vyplnit)<br \/>\n    <span class=\"wpcf7-form-control-wrap your-name\"><input type=\"text\" name=\"your-name\" value=\"\" size=\"40\" class=\"wpcf7-form-control wpcf7-text wpcf7-validates-as-required\" aria-required=\"true\" aria-invalid=\"false\" \/><\/span> <\/label><\/p>\n<p><label> V\u00e1\u0161 email ( nutno vyplnit)<br \/>\n    <span class=\"wpcf7-form-control-wrap your-email\"><input type=\"email\" name=\"your-email\" value=\"\" size=\"40\" class=\"wpcf7-form-control wpcf7-text wpcf7-email wpcf7-validates-as-required wpcf7-validates-as-email\" aria-required=\"true\" aria-invalid=\"false\" \/><\/span> <\/label><\/p>\n<p><label> \u010c\u00edslo objedn\u00e1vky ( nutno vyplnit )<br \/>\n    <span class=\"wpcf7-form-control-wrap ordernumber\"><input type=\"text\" name=\"ordernumber\" value=\"\" size=\"40\" class=\"wpcf7-form-control wpcf7-text wpcf7-validates-as-required\" aria-required=\"true\" aria-invalid=\"false\" \/><\/span> <\/label><\/p>\n<p><label> P\u0159edm\u011bt<br \/>\n     <span class=\"wpcf7-form-control-wrap menuExchange\"><select name=\"menuExchange\" class=\"wpcf7-form-control wpcf7-select wpcf7-validates-as-required\" aria-required=\"true\" aria-invalid=\"false\"><option value=\"Exchange\">Exchange<\/option><option value=\"Return\">Return<\/option><\/select><\/span> <\/label><\/p>\n<p><label> Va\u0161e zpr\u00e1va<br \/>\n    <span class=\"wpcf7-form-control-wrap your-message\"><textarea name=\"your-message\" cols=\"40\" rows=\"10\" class=\"wpcf7-form-control wpcf7-textarea\" aria-invalid=\"false\"><\/textarea><\/span> <\/label><\/p>\n<p><input type=\"submit\" value=\"Odeslat\" class=\"wpcf7-form-control has-spinner wpcf7-submit\" \/><\/p>\n<p style=\"display: none !important;\"><label>&#916;<textarea name=\"_wpcf7_ak_hp_textarea\" cols=\"45\" rows=\"8\" maxlength=\"100\"><\/textarea><\/label><input type=\"hidden\" id=\"ak_js_1\" name=\"_wpcf7_ak_js\" value=\"228\"\/><script>document.getElementById( \"ak_js_1\" ).setAttribute( \"value\", ( new Date() ).getTime() );<\/script><\/p><div class=\"wpcf7-response-output\" aria-hidden=\"true\"><\/div><input type=\"hidden\" name=\"trp-form-language\" value=\"cs\"\/><\/form><\/div>\n\n\n              <\/div>\n           <\/div>\n                            \n<style>\n#text-box-770141069 .text-box-content {\n  background-color: rgba(255, 255, 255, 0.88);\n  font-size: 100%;\n}\n#text-box-770141069 .text-inner {\n  padding: 20px 30px 2px 30px;\n}\n#text-box-770141069 {\n  width: 73%;\n}\n@media (min-width:550px) {\n  #text-box-770141069 {\n    width: 74%;\n  }\n}\n<\/style>\n    <\/div>\n \n\n        <\/div>\n      <\/div>\n\n            \n<style>\n#banner-319305898 {\n  padding-top: 460px;\n}\n#banner-319305898 .overlay {\n  background-color: rgba(246,97,137,0.15);\n}\n#banner-319305898 .ux-shape-divider--top svg {\n  height: 150px;\n  --divider-top-width: 100%;\n}\n#banner-319305898 .ux-shape-divider--bottom svg {\n  height: 150px;\n  --divider-width: 100%;\n}\n@media (min-width:550px) {\n  #banner-319305898 {\n    padding-top: 700px;\n  }\n}\n<\/style>\n  <\/div>\n\n\n\n  <div class=\"banner has-hover show-for-small\" id=\"banner-1285797375\">\n          <div class=\"banner-inner fill\">\n        <div class=\"banner-bg fill\" >\n            <div class=\"bg fill bg-fill\"><\/div>\n                        <div class=\"overlay\"><\/div>            \n                    <\/div>\n\t\t\n        <div class=\"banner-layers container\">\n            <div class=\"fill banner-link\"><\/div>            \n\n   <div id=\"text-box-731882129\" class=\"text-box banner-layer x50 md-x50 lg-x50 y50 md-y50 lg-y50 res-text\">\n                                <div class=\"text-box-content text\">\n              \n              <div class=\"text-inner text-center\">\n                  \n\n<h2>Reklama\u010dn\u00ed formul\u00e1\u0159<\/h2>\n\t<div id=\"gap-1921322521\" class=\"gap-element clearfix\" style=\"display:block; height:auto;\">\n\t\t\n<style>\n#gap-1921322521 {\n  padding-top: 12px;\n}\n<\/style>\n\t<\/div>\n\t\n\n<div role=\"form\" class=\"wpcf7\" id=\"wpcf7-f289-o2\" lang=\"en-US\" dir=\"ltr\">\n<div class=\"screen-reader-response\"><p role=\"status\" aria-live=\"polite\" aria-atomic=\"true\"><\/p> <ul><\/ul><\/div>\n<form action=\"\/cs\/wp-json\/wp\/v2\/pages\/117#wpcf7-f289-o2\" method=\"post\" class=\"wpcf7-form init\" novalidate=\"novalidate\" data-status=\"init\" data-trp-original-action=\"\/cs\/wp-json\/wp\/v2\/pages\/117#wpcf7-f289-o2\">\n<div style=\"display: none;\">\n<input type=\"hidden\" name=\"_wpcf7\" value=\"289\" \/>\n<input type=\"hidden\" name=\"_wpcf7_version\" value=\"5.5.1\" \/>\n<input type=\"hidden\" name=\"_wpcf7_locale\" value=\"en_US\" \/>\n<input type=\"hidden\" name=\"_wpcf7_unit_tag\" value=\"wpcf7-f289-o2\" \/>\n<input type=\"hidden\" name=\"_wpcf7_container_post\" value=\"0\" \/>\n<input type=\"hidden\" name=\"_wpcf7_posted_data_hash\" value=\"\" \/>\n<\/div>\n<p><label> Va\u0161e jm\u00e9no ( nutno vyplnit)<br \/>\n    <span class=\"wpcf7-form-control-wrap your-name\"><input type=\"text\" name=\"your-name\" value=\"\" size=\"40\" class=\"wpcf7-form-control wpcf7-text wpcf7-validates-as-required\" aria-required=\"true\" aria-invalid=\"false\" \/><\/span> <\/label><\/p>\n<p><label> V\u00e1\u0161 email ( nutno vyplnit)<br \/>\n    <span class=\"wpcf7-form-control-wrap your-email\"><input type=\"email\" name=\"your-email\" value=\"\" size=\"40\" class=\"wpcf7-form-control wpcf7-text wpcf7-email wpcf7-validates-as-required wpcf7-validates-as-email\" aria-required=\"true\" aria-invalid=\"false\" \/><\/span> <\/label><\/p>\n<p><label> \u010c\u00edslo objedn\u00e1vky ( nutno vyplnit )<br \/>\n    <span class=\"wpcf7-form-control-wrap ordernumber\"><input type=\"text\" name=\"ordernumber\" value=\"\" size=\"40\" class=\"wpcf7-form-control wpcf7-text wpcf7-validates-as-required\" aria-required=\"true\" aria-invalid=\"false\" \/><\/span> <\/label><\/p>\n<p><label> P\u0159edm\u011bt<br \/>\n     <span class=\"wpcf7-form-control-wrap menuExchange\"><select name=\"menuExchange\" class=\"wpcf7-form-control wpcf7-select wpcf7-validates-as-required\" aria-required=\"true\" aria-invalid=\"false\"><option value=\"Exchange\">Exchange<\/option><option value=\"Return\">Return<\/option><\/select><\/span> <\/label><\/p>\n<p><label> Va\u0161e zpr\u00e1va<br \/>\n    <span class=\"wpcf7-form-control-wrap your-message\"><textarea name=\"your-message\" cols=\"40\" rows=\"10\" class=\"wpcf7-form-control wpcf7-textarea\" aria-invalid=\"false\"><\/textarea><\/span> <\/label><\/p>\n<p><input type=\"submit\" value=\"Odeslat\" class=\"wpcf7-form-control has-spinner wpcf7-submit\" \/><\/p>\n<p style=\"display: none !important;\"><label>&#916;<textarea name=\"_wpcf7_ak_hp_textarea\" cols=\"45\" rows=\"8\" maxlength=\"100\"><\/textarea><\/label><input type=\"hidden\" id=\"ak_js_2\" name=\"_wpcf7_ak_js\" value=\"70\"\/><script>document.getElementById( \"ak_js_2\" ).setAttribute( \"value\", ( new Date() ).getTime() );<\/script><\/p><div class=\"wpcf7-response-output\" aria-hidden=\"true\"><\/div><input type=\"hidden\" name=\"trp-form-language\" value=\"cs\"\/><\/form><\/div>\n\n\n              <\/div>\n           <\/div>\n                            \n<style>\n#text-box-731882129 .text-box-content {\n  background-color: rgba(255, 255, 255, 0.88);\n  font-size: 123%;\n}\n#text-box-731882129 .text-inner {\n  padding: 20px 30px 2px 30px;\n}\n#text-box-731882129 {\n  width: 98%;\n}\n@media (min-width:550px) {\n  #text-box-731882129 {\n    width: 74%;\n  }\n  #text-box-731882129 .text-box-content {\n    font-size: 100%;\n  }\n}\n<\/style>\n    <\/div>\n \n\n        <\/div>\n      <\/div>\n\n            \n<style>\n#banner-1285797375 {\n  padding-top: 617px;\n}\n#banner-1285797375 .overlay {\n  background-color: rgba(246,97,137,0.15);\n}\n#banner-1285797375 .ux-shape-divider--top svg {\n  height: 150px;\n  --divider-top-width: 100%;\n}\n#banner-1285797375 .ux-shape-divider--bottom svg {\n  height: 150px;\n  --divider-width: 100%;\n}\n@media (min-width:550px) {\n  #banner-1285797375 {\n    padding-top: 700px;\n  }\n}\n<\/style>\n  <\/div>","protected":false},"excerpt":{"rendered":"","protected":false},"author":1,"featured_media":0,"parent":0,"menu_order":0,"comment_status":"closed","ping_status":"closed","template":"page-blank.php","meta":{"advanced_seo_description":"","spay_email":""},"_links":{"self":[{"href":"https:\/\/www.getitbabe.com\/cs\/wp-json\/wp\/v2\/pages\/117"}],"collection":[{"href":"https:\/\/www.getitbabe.com\/cs\/wp-json\/wp\/v2\/pages"}],"about":[{"href":"https:\/\/www.getitbabe.com\/cs\/wp-json\/wp\/v2\/types\/page"}],"author":[{"embeddable":true,"href":"https:\/\/www.getitbabe.com\/cs\/wp-json\/wp\/v2\/users\/1"}],"replies":[{"embeddable":true,"href":"https:\/\/www.getitbabe.com\/cs\/wp-json\/wp\/v2\/comments?post=117"}],"version-history":[{"count":20,"href":"https:\/\/www.getitbabe.com\/cs\/wp-json\/wp\/v2\/pages\/117\/revisions"}],"predecessor-version":[{"id":763,"href":"https:\/\/www.getitbabe.com\/cs\/wp-json\/wp\/v2\/pages\/117\/revisions\/763"}],"wp:attachment":[{"href":"https:\/\/www.getitbabe.com\/cs\/wp-json\/wp\/v2\/media?parent=117"}],"curies":[{"name":"wp","href":"https:\/\/api.w.org\/{rel}","templated":true}]}}